{"id":4182,"date":"2015-06-20T16:11:19","date_gmt":"2015-06-20T16:11:19","guid":{"rendered":"http:\/\/test.inospektar.com\/?page_id=4182"},"modified":"2021-06-11T13:13:36","modified_gmt":"2021-06-11T13:13:36","slug":"per-ne","status":"publish","type":"page","link":"https:\/\/inospektar.com\/al\/per-ne\/","title":{"rendered":"P\u00ebr ne"},"content":{"rendered":"<p>[vc_row css=&#8221;.vc_custom_1621980722402{background-color: rgba(248,248,248,0) !important;*background-color: rgb(248,248,248) !important;}&#8221;][vc_column][vc_empty_space height=&#8221;30px&#8221;][\/vc_column][\/vc_row][vc_row css=&#8221;.vc_custom_1621980685235{background-color: rgba(255,255,255,0) !important;*background-color: rgb(255,255,255) !important;}&#8221;][vc_column][vc_empty_space height=&#8221;20px&#8221;][\/vc_column][\/vc_row][vc_row el_class=&#8221;vertical-ipad&#8221; css=&#8221;.vc_custom_1567064844930{margin-right: -30px !important;margin-left: -30px !important;}&#8221;][vc_column width=&#8221;1\/2&#8243; css=&#8221;.vc_custom_1567065195190{margin-bottom: 50px !important;padding-right: 30px !important;padding-left: 30px !important;}&#8221;][vc_single_image image=&#8221;15578&#8243; img_size=&#8221;full&#8221; alignment=&#8221;center&#8221;][\/vc_column][vc_column width=&#8221;1\/2&#8243; css=&#8221;.vc_custom_1567065535509{margin-bottom: 50px !important;padding-right: 30px !important;padding-left: 30px !important;}&#8221;][vc_row_inner][vc_column_inner][vc_empty_space height=&#8221;30px&#8221;][\/vc_column_inner][\/vc_row_inner][vc_row_inner disable_element=&#8221;yes&#8221;][vc_column_inner][vc_empty_space height=&#8221;70px&#8221;][\/vc_column_inner][\/vc_row_inner][vc_custom_heading text=&#8221;P\u00ebr&#8221; font_container=&#8221;tag:h2|font_size:60px|text_align:left|color:%23222222|line_height:100px&#8221; google_fonts=&#8221;font_family:Playfair%20Display%3Aregular%2Citalic%2C700%2C700italic%2C900%2C900italic|font_style:400%20italic%3A400%3Aitalic&#8221; el_class=&#8221;z-index&#8221;][vc_custom_heading text=&#8221;Ne&#8221; font_container=&#8221;tag:h2|font_size:75px|text_align:left|color:%23aa8a57|line_height:100px&#8221; google_fonts=&#8221;font_family:Playfair%20Display%3Aregular%2Citalic%2C700%2C700italic%2C900%2C900italic|font_style:700%20bold%20regular%3A700%3Anormal&#8221; css=&#8221;.vc_custom_1623189076533{margin-top: -40px !important;margin-bottom: 30px !important;}&#8221;][vc_column_text]<span lang=\"sq-AL\">Nga vitet e 90-ta t\u00eb shekullit t\u00eb kaluar INOSPEKTAR me prodhimet e saj t\u00eb shurup\u00ebve nga pem\u00ebt SPEKTAR \u00ebsht\u00eb pjes\u00eb e f\u00ebmij\u00ebris\u00eb t\u00eb shum\u00eb njer\u00ebzve n\u00eb Maqedoni. Me pem\u00eb t\u00eb natyr\u00ebs nuk nevojiten aditiv\u00eb dhe \u00ebmb\u00eblsues, shurup\u00ebt SPEKTAR p\u00ebr shum\u00eb prej nesh jan\u00eb shija e ver\u00ebs. Shije q\u00eb e keni t\u00eb gjith\u00eb jet\u00ebn tuaj para jush<\/span><span lang=\"mk-MK\">. <\/span>[\/vc_column_text][\/vc_column][\/vc_row][vc_row el_class=&#8221;vertical-ipad&#8221; css=&#8221;.vc_custom_1567064844930{margin-right: -30px !important;margin-left: -30px !important;}&#8221;][vc_column width=&#8221;1\/2&#8243; css=&#8221;.vc_custom_1567065535509{margin-bottom: 50px !important;padding-right: 30px !important;padding-left: 30px !important;}&#8221;][vc_row_inner][vc_column_inner][vc_empty_space height=&#8221;30px&#8221;][\/vc_column_inner][\/vc_row_inner][vc_row_inner disable_element=&#8221;yes&#8221;][vc_column_inner][vc_empty_space height=&#8221;70px&#8221;][\/vc_column_inner][\/vc_row_inner][vc_custom_heading text=&#8221;Tradit\u00eb&#8221; font_container=&#8221;tag:h2|font_size:60px|text_align:left|color:%23222222|line_height:100px&#8221; google_fonts=&#8221;font_family:Playfair%20Display%3Aregular%2Citalic%2C700%2C700italic%2C900%2C900italic|font_style:400%20italic%3A400%3Aitalic&#8221; el_class=&#8221;z-index&#8221;][vc_custom_heading text=&#8221;Me shije&#8221; font_container=&#8221;tag:h2|font_size:75px|text_align:left|color:%23aa8a57|line_height:100px&#8221; google_fonts=&#8221;font_family:Playfair%20Display%3Aregular%2Citalic%2C700%2C700italic%2C900%2C900italic|font_style:700%20bold%20regular%3A700%3Anormal&#8221; css=&#8221;.vc_custom_1623189157840{margin-top: -40px !important;margin-bottom: 30px !important;}&#8221;][vc_column_text]<\/p>\n<h5>E THEMELUAR<\/h5>\n<p>INO SPEKTAR \u00ebsht\u00eb kompani e themeluar n\u00eb vitin 1990 si nj\u00eb biznes familjar q\u00eb merret me prodhimin e shurup\u00ebve nga pem\u00ebt.<\/p>\n<h5>B\u00cbHET LIDER<\/h5>\n<p>Shum\u00eb shpejt kompania b\u00ebhet lider n\u00eb prodhimin dhe shitjen e shurup\u00ebve nga pem\u00ebt n\u00eb Maqedoni fal\u00eb cil\u00ebsis\u00eb q\u00eb ka.<\/p>\n<h5>Q\u00cbLLIMI DHE DETYRA<\/h5>\n<p>Q\u00ebllimi dhe detyra e INO SPEKTAR \u00ebsht\u00eb q\u00eb t\u00eb p\u00ebrkushtohet q\u00eb t\u00eb k\u00ebnaq shijet dhe k\u00ebrkesat e konsumator\u00ebve nga t\u00eb gjith\u00eb kufijt e moshave. P\u00ebrve\u00e7 n\u00eb tregun e brendsh\u00ebm jemi t\u00eb orientuar edhe n\u00eb tregjet nd\u00ebrkomb\u00ebtare, me q\u00ebllim q\u00eb t\u00eb d\u00ebshmojm\u00eb cil\u00ebsin\u00eb n\u00eb t\u00eb gjith\u00eb bot\u00ebn.<\/p>\n<h5>MISIONI<\/h5>\n<p>Prodhimi i produkteve cil\u00ebsore, me standarde t\u00eb larta p\u00ebr l\u00ebnd\u00ebt e para, prodhim, shp\u00ebrndarje dhe marketing.<\/p>\n<h5>VIZIONI<\/h5>\n<p>Zhvillimi i prodhimeve t\u00eb reja n\u00eb pajtim me nevojat e konsumator\u00ebve, dhe orientimi ndaj tregjeve t\u00eb reja, duke krijuar kompanin\u00eb lider n\u00eb rajon.[\/vc_column_text][\/vc_column][vc_column width=&#8221;1\/2&#8243; css=&#8221;.vc_custom_1567065195190{margin-bottom: 50px !important;padding-right: 30px !important;padding-left: 30px !important;}&#8221;][vc_single_image image=&#8221;15581&#8243; img_size=&#8221;full&#8221; alignment=&#8221;center&#8221;][\/vc_column][\/vc_row][vc_row css=&#8221;.vc_custom_1621980871624{background-color: rgba(255,255,255,0) !important;*background-color: rgb(255,255,255) !important;}&#8221;][vc_column][vc_empty_space height=&#8221;50px&#8221;][\/vc_column][\/vc_row][vc_row full_width=&#8221;stretch_row&#8221; css=&#8221;.vc_custom_1558425086328{padding-top: 50px !important;padding-bottom: 20px !important;background-color: #f8f8f8 !important;}&#8221;][vc_column][vc_row_inner disable_element=&#8221;yes&#8221;][vc_column_inner][vc_empty_space height=&#8221;50px&#8221;][\/vc_column_inner][\/vc_row_inner][vc_row_inner disable_element=&#8221;yes&#8221;][vc_column_inner width=&#8221;1\/3&#8243; css=&#8221;.vc_custom_1558425094871{margin-bottom: 30px !important;}&#8221;]\t<div style=\"\" class=\"ts-feature-wrapper  vertical-image text-default \">\n\t\n\t\t\t\t\n\t\t<div class=\"feature-content\">\n\t\t\t\n\t\t\t\t\t\t<a target=\"_blank\" class=\"feature-icon\" href=\"javascript: void(0)\">\n\t\t\t\t<img width=\"120\" height=\"120\" src=\"https:\/\/inospektar.com\/al\/wp-content\/uploads\/2019\/09\/about-feature-icon.jpg\" class=\"\" alt=\"\" loading=\"lazy\" \/>\t\t\t<\/a>\n\t\t\t\t\t\t\n\t\t\t<div class=\"feature-header\">\n\t\t\t\n\t\t\t\t\t\t\t\t\n\t\t\t\t\t\t\t\t\t\t<h4 class=\"feature-title heading-title entry-title\">\n\t\t\t\t\t\t\t\t\t\t\t\t\t<a target=\"_blank\" href=\"javascript: void(0)\">Creative Idea<\/a>\n\t\t\t\t\t\t\t\t\t\t\t<\/h4>\n\t\t\t\t\t\t\t\t\t\n\t\t\t\t\t\t\t\t\t\t<div class=\"feature-excerpt\">\n\t\t\t\t\t\tGrowth lasting change, making progress informal economies replicable. Efficient evolution nutrition social.\t\t\t\t\t<\/div>\n\t\t\t\t\t\t\t\t\t\t\n\t\t\t\t\t\t\t<\/div>\n\t\t<\/div>\n\t<\/div>\n\t[\/vc_column_inner][vc_column_inner width=&#8221;1\/3&#8243; css=&#8221;.vc_custom_1558425099141{margin-bottom: 30px !important;}&#8221;]\t<div style=\"\" class=\"ts-feature-wrapper  vertical-image text-default \">\n\t\n\t\t\t\t\n\t\t<div class=\"feature-content\">\n\t\t\t\n\t\t\t\t\t\t<a target=\"_blank\" class=\"feature-icon\" href=\"javascript: void(0)\">\n\t\t\t\t<img width=\"120\" height=\"120\" src=\"https:\/\/inospektar.com\/al\/wp-content\/uploads\/2019\/09\/about-feature-icon.jpg\" class=\"\" alt=\"\" loading=\"lazy\" \/>\t\t\t<\/a>\n\t\t\t\t\t\t\n\t\t\t<div class=\"feature-header\">\n\t\t\t\n\t\t\t\t\t\t\t\t\n\t\t\t\t\t\t\t\t\t\t<h4 class=\"feature-title heading-title entry-title\">\n\t\t\t\t\t\t\t\t\t\t\t\t\t<a target=\"_blank\" href=\"javascript: void(0)\">Easy Customize<\/a>\n\t\t\t\t\t\t\t\t\t\t\t<\/h4>\n\t\t\t\t\t\t\t\t\t\n\t\t\t\t\t\t\t\t\t\t<div class=\"feature-excerpt\">\n\t\t\t\t\t\tGrowth lasting change, making progress informal economies replicable. Efficient evolution nutrition social.\t\t\t\t\t<\/div>\n\t\t\t\t\t\t\t\t\t\t\n\t\t\t\t\t\t\t<\/div>\n\t\t<\/div>\n\t<\/div>\n\t[\/vc_column_inner][vc_column_inner width=&#8221;1\/3&#8243; css=&#8221;.vc_custom_1558425103686{margin-bottom: 30px !important;}&#8221;]\t<div style=\"\" class=\"ts-feature-wrapper  vertical-image text-default \">\n\t\n\t\t\t\t\n\t\t<div class=\"feature-content\">\n\t\t\t\n\t\t\t\t\t\t<a target=\"_blank\" class=\"feature-icon\" href=\"javascript: void(0)\">\n\t\t\t\t<img width=\"120\" height=\"120\" src=\"https:\/\/inospektar.com\/al\/wp-content\/uploads\/2019\/09\/about-feature-icon.jpg\" class=\"\" alt=\"\" loading=\"lazy\" \/>\t\t\t<\/a>\n\t\t\t\t\t\t\n\t\t\t<div class=\"feature-header\">\n\t\t\t\n\t\t\t\t\t\t\t\t\n\t\t\t\t\t\t\t\t\t\t<h4 class=\"feature-title heading-title entry-title\">\n\t\t\t\t\t\t\t\t\t\t\t\t\t<a target=\"_blank\" href=\"javascript: void(0)\">Integrated Marketing<\/a>\n\t\t\t\t\t\t\t\t\t\t\t<\/h4>\n\t\t\t\t\t\t\t\t\t\n\t\t\t\t\t\t\t\t\t\t<div class=\"feature-excerpt\">\n\t\t\t\t\t\tGrowth lasting change, making progress informal economies replicable. Efficient evolution nutrition social.\t\t\t\t\t<\/div>\n\t\t\t\t\t\t\t\t\t\t\n\t\t\t\t\t\t\t<\/div>\n\t\t<\/div>\n\t<\/div>\n\t[\/vc_column_inner][\/vc_row_inner][vc_row_inner][vc_column_inner][vc_empty_space height=&#8221;50px&#8221;][\/vc_column_inner][\/vc_row_inner][\/vc_column][\/vc_row][vc_row disable_element=&#8221;yes&#8221;][vc_column][vc_empty_space height=&#8221;50px&#8221;][\/vc_column][\/vc_row][vc_row disable_element=&#8221;yes&#8221; css=&#8221;.vc_custom_1618760903333{margin-right: -30px !important;margin-left: -30px !important;padding-top: 50px !important;}&#8221;][vc_column width=&#8221;1\/2&#8243; css=&#8221;.vc_custom_1558425985144{padding-right: 30px !important;padding-left: 30px !important;}&#8221;]\t\t<div class=\"ts-heading heading-4 style-rotate text-default\">\n\t\t\t<h4 class=\"heading\">OUR EXPERIENCE<\/h4>\n\t\t<\/div>\n\t\t[vc_column_text css=&#8221;.vc_custom_1567065319888{margin-top: -5px !important;}&#8221;]Lasting change local solutions NGO, citizens of change, activist pursue these aspirations outcomes poverty social impact. Human being healthcare gun control, necessities, Action Against. Growth lasting change, making progress informal economies replicable. Efficient evolution nutrition social innovation education. Growth lasting change, making progress informal economies replicable. Efficient evolution nutrition social innovation education.[\/vc_column_text][\/vc_column][vc_column width=&#8221;1\/2&#8243; css=&#8221;.vc_custom_1558425957807{padding-right: 30px !important;padding-left: 30px !important;}&#8221;][vc_progress_bar values=&#8221;%5B%7B%22label%22%3A%22Development%22%2C%22value%22%3A%2260%22%2C%22color%22%3A%22custom%22%2C%22customcolor%22%3A%22%23222222%22%2C%22customtxtcolor%22%3A%22%23222222%22%7D%2C%7B%22label%22%3A%22Design%22%2C%22value%22%3A%2280%22%2C%22color%22%3A%22custom%22%2C%22customcolor%22%3A%22%23222222%22%2C%22customtxtcolor%22%3A%22%23222222%22%7D%2C%7B%22label%22%3A%22Marketing%22%2C%22value%22%3A%2240%22%2C%22color%22%3A%22custom%22%2C%22customcolor%22%3A%22%23222222%22%2C%22customtxtcolor%22%3A%22%23222222%22%7D%2C%7B%22label%22%3A%22Photoshop%22%2C%22value%22%3A%2290%22%2C%22color%22%3A%22custom%22%2C%22customcolor%22%3A%22%23222222%22%2C%22customtxtcolor%22%3A%22%23222222%22%7D%5D&#8221; bgcolor=&#8221;custom&#8221; options=&#8221;animated&#8221; units=&#8221;%&#8221; custombgcolor=&#8221;#e7e7e7&#8243; customtxtcolor=&#8221;#222222&#8243;][\/vc_column][\/vc_row][vc_row disable_element=&#8221;yes&#8221;][vc_column][vc_empty_space height=&#8221;50px&#8221;][\/vc_column][\/vc_row][vc_row full_width=&#8221;stretch_row&#8221; disable_element=&#8221;yes&#8221; gap=&#8221;0&#8243; css=&#8221;.vc_custom_1618760818186{margin-bottom: 50px !important;padding-top: 50px !important;padding-bottom: 50px !important;background-image: url(http:\/\/test.inospektar.com\/wp-content\/uploads\/2019\/08\/about-us-bg-testimonial.jpg?id=14930) !important;}&#8221; el_class=&#8221;bg-center vertical-ipad&#8221;][vc_column width=&#8221;4\/5&#8243; css=&#8221;.vc_custom_1555664994849{padding-right: 5% !important;padding-left: 5% !important;}&#8221;][vc_row_inner][vc_column_inner][vc_empty_space height=&#8221;70px&#8221;][\/vc_column_inner][\/vc_row_inner]\t\t<div class=\"ts-testimonial-wrapper ts-shortcode style-big bold text-default ts-slider show-dots\" data-nav=\"0\" data-dots=\"1\" data-autoplay=\"1\">\n\t\n\t\t\t<div class=\"items loading\">\n\t\t\t\t\t\t\t<div class=\"item\">\n\t\t\t\t\t<blockquote>\n\t\t\t\t\t\n\t\t\t\t\t\t\t\t\t\t\t\t\n\t\t\t\t\t\t<div class=\"content\">\n\t\t\t\t\t\t\tDuis autem vel eum iriure dolor in hendrerit indesas vulputate velit esse molestie consequat. Ut wisi enim ad minim veniam.\t\t\t\t\t\t<\/div>\n\t\t\t\t\t\t\n\t\t\t\t\t\t<p class=\"author-role\">\n\t\t\t\t\t\t\t\t\t\t\t\t\t\t<span class=\"author\">\n\t\t\t\t\t\t\t\t<a href=\"#\" target=\"_blank\">Mr. Jack<\/a>\n\t\t\t\t\t\t\t<\/span>\n\t\t\t\t\t\t\t\t\t\t\t\t\t\t\n\t\t\t\t\t\t\t\t\t\t\t\t\t\t<span class=\"role\">CEO - Themesky<\/span>\n\t\t\t\t\t\t\t\t\t\t\t\t\t\t\n\t\t\t\t\t\t\t\t\t\t\t\t\t<\/p>\n\t\t\t\t\t\n\t\t\t\t\t<\/blockquote>\n\t\t\t\t<\/div>\n\t\t\t\t\t\t\t\t<div class=\"item\">\n\t\t\t\t\t<blockquote>\n\t\t\t\t\t\n\t\t\t\t\t\t\t\t\t\t\t\t\n\t\t\t\t\t\t<div class=\"content\">\n\t\t\t\t\t\t\tDuis autem vel eum iriure dolor in hendrerit indesas vulputate velit esse molestie consequat. Ut wisi enim ad minim veniam.\t\t\t\t\t\t<\/div>\n\t\t\t\t\t\t\n\t\t\t\t\t\t<p class=\"author-role\">\n\t\t\t\t\t\t\t\t\t\t\t\t\t\t<span class=\"author\">\n\t\t\t\t\t\t\t\t<a href=\"#\" target=\"_blank\">Mr. Jack<\/a>\n\t\t\t\t\t\t\t<\/span>\n\t\t\t\t\t\t\t\t\t\t\t\t\t\t\n\t\t\t\t\t\t\t\t\t\t\t\t\t\t<span class=\"role\">CEO - Themesky<\/span>\n\t\t\t\t\t\t\t\t\t\t\t\t\t\t\n\t\t\t\t\t\t\t\t\t\t\t\t\t<\/p>\n\t\t\t\t\t\n\t\t\t\t\t<\/blockquote>\n\t\t\t\t<\/div>\n\t\t\t\t\t\t\t\t<div class=\"item\">\n\t\t\t\t\t<blockquote>\n\t\t\t\t\t\n\t\t\t\t\t\t\t\t\t\t\t\t\n\t\t\t\t\t\t<div class=\"content\">\n\t\t\t\t\t\t\tLorem ipsum dolor sit amet, consectetur adipiscing elit. Morbi elementum odio laoreet tempus auctor. Vivamus scelerisque velit est.\t\t\t\t\t\t<\/div>\n\t\t\t\t\t\t\n\t\t\t\t\t\t<p class=\"author-role\">\n\t\t\t\t\t\t\t\t\t\t\t\t\t\t<span class=\"author\">\n\t\t\t\t\t\t\t\t<a href=\"http:\/\/theme-sky.com\" target=\"_blank\">Miss. Bonni<\/a>\n\t\t\t\t\t\t\t<\/span>\n\t\t\t\t\t\t\t\t\t\t\t\t\t\t\n\t\t\t\t\t\t\t\t\t\t\t\t\t\t<span class=\"role\">CEO - Themesky<\/span>\n\t\t\t\t\t\t\t\t\t\t\t\t\t\t\n\t\t\t\t\t\t\t\t\t\t\t\t\t<\/p>\n\t\t\t\t\t\n\t\t\t\t\t<\/blockquote>\n\t\t\t\t<\/div>\n\t\t\t\t\t\t\t<\/div>\n\t\t<\/div>\n\t\t[vc_row_inner][vc_column_inner][vc_empty_space height=&#8221;70px&#8221;][\/vc_column_inner][\/vc_row_inner][\/vc_column][vc_column width=&#8221;1\/5&#8243;][\/vc_column][\/vc_row]<\/p>\n","protected":false},"excerpt":{"rendered":"<p>[vc_row css=&#8221;.vc_custom_1621980722402{background-color: rgba(248,248,248,0) !important;*background-color: rgb(248,248,248) !important;}&#8221;][vc_column][vc_empty_space height=&#8221;30px&#8221;][\/vc_column][\/vc_row][vc_row css=&#8221;.vc_custom_1621980685235{background-color: rgba(255,255,255,0) !important;*background-color: rgb(255,255,255) !important;}&#8221;][vc_column][vc_empty_space height=&#8221;20px&#8221;][\/vc_column][\/vc_row][vc_row el_class=&#8221;vertical-ipad&#8221; css=&#8221;.vc_custom_1567064844930{margin-right: -30px !important;margin-left: -30px !important;}&#8221;][vc_column width=&#8221;1\/2&#8243; css=&#8221;.vc_custom_1567065195190{margin-bottom: 50px !important;padding-right: 30px !important;padding-left: 30px !important;}&#8221;][vc_single_image image=&#8221;15578&#8243; img_size=&#8221;full&#8221; alignment=&#8221;center&#8221;][\/vc_column][vc_column width=&#8221;1\/2&#8243; css=&#8221;.vc_custom_1567065535509{margin-bottom: 50px !important;padding-right: 30px !important;padding-left: 30px !important;}&#8221;][vc_row_inner][vc_column_inner][vc_empty_space height=&#8221;30px&#8221;][\/vc_column_inner][\/vc_row_inner][vc_row_inner disable_element=&#8221;yes&#8221;][vc_column_inner][vc_empty_space height=&#8221;70px&#8221;][\/vc_column_inner][\/vc_row_inner][vc_custom_heading text=&#8221;P\u00ebr&#8221; font_container=&#8221;tag:h2|font_size:60px|text_align:left|color:%23222222|line_height:100px&#8221; google_fonts=&#8221;font_family:Playfair%20Display%3Aregular%2Citalic%2C700%2C700italic%2C900%2C900italic|font_style:400%20italic%3A400%3Aitalic&#8221; el_class=&#8221;z-index&#8221;][vc_custom_heading text=&#8221;Ne&#8221; font_container=&#8221;tag:h2|font_size:75px|text_align:left|color:%23aa8a57|line_height:100px&#8221; google_fonts=&#8221;font_family:Playfair%20Display%3Aregular%2Citalic%2C700%2C700italic%2C900%2C900italic|font_style:700%20bold%20regular%3A700%3Anormal&#8221; css=&#8221;.vc_custom_1623189076533{margin-top: -40px !important;margin-bottom: 30px !important;}&#8221;][vc_column_text]Nga vitet e [&hellip;]<\/p>\n","protected":false},"author":1,"featured_media":0,"parent":0,"menu_order":0,"comment_status":"closed","ping_status":"closed","template":"","meta":[],"_links":{"self":[{"href":"https:\/\/inospektar.com\/al\/wp-json\/wp\/v2\/pages\/4182"}],"collection":[{"href":"https:\/\/inospektar.com\/al\/wp-json\/wp\/v2\/pages"}],"about":[{"href":"https:\/\/inospektar.com\/al\/wp-json\/wp\/v2\/types\/page"}],"author":[{"embeddable":true,"href":"https:\/\/inospektar.com\/al\/wp-json\/wp\/v2\/users\/1"}],"replies":[{"embeddable":true,"href":"https:\/\/inospektar.com\/al\/wp-json\/wp\/v2\/comments?post=4182"}],"version-history":[{"count":29,"href":"https:\/\/inospektar.com\/al\/wp-json\/wp\/v2\/pages\/4182\/revisions"}],"predecessor-version":[{"id":15705,"href":"https:\/\/inospektar.com\/al\/wp-json\/wp\/v2\/pages\/4182\/revisions\/15705"}],"wp:attachment":[{"href":"https:\/\/inospektar.com\/al\/wp-json\/wp\/v2\/media?parent=4182"}],"curies":[{"name":"wp","href":"https:\/\/api.w.org\/{rel}","templated":true}]}}